{"id":1894,"date":"2017-11-27T08:55:26","date_gmt":"2017-11-27T11:55:26","guid":{"rendered":"https:\/\/bbt.crp.ufv.br\/?page_id=1894"},"modified":"2025-03-25T09:35:22","modified_gmt":"2025-03-25T12:35:22","slug":"o-que-e","status":"publish","type":"page","link":"https:\/\/bbt.crp.ufv.br\/?page_id=1894","title":{"rendered":"Normas e Regulamento"},"content":{"rendered":"<h4><a href=\"https:\/\/enquetes.crp.ufv.br\/index.php\/survey\/index\/sid\/221349\/newtest\/Y\/lang\/pt-BR\" target=\"_blank\" rel=\"noopener\">Capacita\u00e7\u00e3o novos usu\u00e1rios<\/a><\/h4>\n<h4><a href=\"https:\/\/www.bbt.ufv.br\/wp-content\/uploads\/2021\/06\/ManualtrabalhosAcademicos.pdf\">Manual de normaliza\u00e7\u00e3o<\/a><\/h4>\n<h4><a href=\"https:\/\/bbt.crp.ufv.br\/?page_id=2322\">Regulamento da BBT<\/a><\/h4>\n<h4><\/h4>\n","protected":false},"excerpt":{"rendered":"<p>Capacita\u00e7\u00e3o novos usu\u00e1rios Manual de normaliza\u00e7\u00e3o Regulamento da BBT<\/p>\n","protected":false},"author":1,"featured_media":0,"parent":0,"menu_order":0,"comment_status":"closed","ping_status":"closed","template":"","meta":{"footnotes":""},"class_list":["post-1894","page","type-page","status-publish","hentry"],"_links":{"self":[{"href":"https:\/\/bbt.crp.ufv.br\/index.php?rest_route=\/wp\/v2\/pages\/1894","targetHints":{"allow":["GET"]}}],"collection":[{"href":"https:\/\/bbt.crp.ufv.br\/index.php?rest_route=\/wp\/v2\/pages"}],"about":[{"href":"https:\/\/bbt.crp.ufv.br\/index.php?rest_route=\/wp\/v2\/types\/page"}],"author":[{"embeddable":true,"href":"https:\/\/bbt.crp.ufv.br\/index.php?rest_route=\/wp\/v2\/users\/1"}],"replies":[{"embeddable":true,"href":"https:\/\/bbt.crp.ufv.br\/index.php?rest_route=%2Fwp%2Fv2%2Fcomments&post=1894"}],"version-history":[{"count":21,"href":"https:\/\/bbt.crp.ufv.br\/index.php?rest_route=\/wp\/v2\/pages\/1894\/revisions"}],"predecessor-version":[{"id":2768,"href":"https:\/\/bbt.crp.ufv.br\/index.php?rest_route=\/wp\/v2\/pages\/1894\/revisions\/2768"}],"wp:attachment":[{"href":"https:\/\/bbt.crp.ufv.br\/index.php?rest_route=%2Fwp%2Fv2%2Fmedia&parent=1894"}],"curies":[{"name":"wp","href":"https:\/\/api.w.org\/{rel}","templated":true}]}}