{"id":2213,"date":"2018-10-10T15:48:54","date_gmt":"2018-10-10T18:48:54","guid":{"rendered":"https:\/\/bbt.crp.ufv.br\/?page_id=2213"},"modified":"2025-03-25T09:35:55","modified_gmt":"2025-03-25T12:35:55","slug":"menu02","status":"publish","type":"page","link":"https:\/\/bbt.crp.ufv.br\/?page_id=2213","title":{"rendered":"Servi\u00e7os"},"content":{"rendered":"<h4><a href=\"https:\/\/bbt.crp.ufv.br\/?page_id=2374\">Ficha Catalogr\u00e1fica<\/a><\/h4>\n<h4><a href=\"https:\/\/bbt.crp.ufv.br\/?page_id=2370\" rel=\"noopener\">COMUT<\/a><\/h4>\n<h4><a href=\"https:\/\/bbt.crp.ufv.br\/?page_id=2439\" rel=\"noopener\">Empr\u00e9stimo entre bibliotecas<\/a><\/h4>\n<h4><a href=\"https:\/\/bbt.crp.ufv.br\/?page_id=2332\" rel=\"noopener\">Renova\u00e7\u00e3o\/ Reserva<\/a><\/h4>\n<h4><a href=\"https:\/\/bbt.crp.ufv.br\/?page_id=2328\">Visitas Orientadas<\/a><\/h4>\n<h4><a href=\"https:\/\/bbt.crp.ufv.br\/?page_id=2611\">Acesso as normas abnt<\/a><\/h4>\n<h4><a href=\"https:\/\/bbt.crp.ufv.br\/?page_id=2666\">Biblioteca virtual da Pearson<\/a><\/h4>\n<p>&nbsp;<\/p>\n","protected":false},"excerpt":{"rendered":"<p>Ficha Catalogr\u00e1fica COMUT Empr\u00e9stimo entre bibliotecas Renova\u00e7\u00e3o\/ Reserva Visitas Orientadas Acesso as normas abnt Biblioteca virtual da Pearson &nbsp;<\/p>\n","protected":false},"author":1,"featured_media":0,"parent":0,"menu_order":0,"comment_status":"closed","ping_status":"closed","template":"","meta":{"footnotes":""},"class_list":["post-2213","page","type-page","status-publish","hentry"],"_links":{"self":[{"href":"https:\/\/bbt.crp.ufv.br\/index.php?rest_route=\/wp\/v2\/pages\/2213","targetHints":{"allow":["GET"]}}],"collection":[{"href":"https:\/\/bbt.crp.ufv.br\/index.php?rest_route=\/wp\/v2\/pages"}],"about":[{"href":"https:\/\/bbt.crp.ufv.br\/index.php?rest_route=\/wp\/v2\/types\/page"}],"author":[{"embeddable":true,"href":"https:\/\/bbt.crp.ufv.br\/index.php?rest_route=\/wp\/v2\/users\/1"}],"replies":[{"embeddable":true,"href":"https:\/\/bbt.crp.ufv.br\/index.php?rest_route=%2Fwp%2Fv2%2Fcomments&post=2213"}],"version-history":[{"count":22,"href":"https:\/\/bbt.crp.ufv.br\/index.php?rest_route=\/wp\/v2\/pages\/2213\/revisions"}],"predecessor-version":[{"id":2769,"href":"https:\/\/bbt.crp.ufv.br\/index.php?rest_route=\/wp\/v2\/pages\/2213\/revisions\/2769"}],"wp:attachment":[{"href":"https:\/\/bbt.crp.ufv.br\/index.php?rest_route=%2Fwp%2Fv2%2Fmedia&parent=2213"}],"curies":[{"name":"wp","href":"https:\/\/api.w.org\/{rel}","templated":true}]}}