{"id":2217,"date":"2018-10-10T15:49:22","date_gmt":"2018-10-10T18:49:22","guid":{"rendered":"https:\/\/bbt.crp.ufv.br\/?page_id=2217"},"modified":"2025-08-06T15:47:05","modified_gmt":"2025-08-06T18:47:05","slug":"menu04","status":"publish","type":"page","link":"https:\/\/bbt.crp.ufv.br\/?page_id=2217","title":{"rendered":"Pagamento de Multas"},"content":{"rendered":"<p align=\"justify\"><span style=\"color: #000000;\"><span style=\"font-family: Roboto, sans-serif;\"><span style=\"font-size: medium;\">Primeiramente para realizar o pagamento de multas, o aluno dever\u00e1 consultar o valor da mesma atrav\u00e9s do \u201cMeu Pergamum\u201d. <\/span><\/span><\/span><\/p>\n<p align=\"justify\"><span style=\"color: #000000;\"><span style=\"font-family: Roboto, sans-serif;\"><span style=\"font-size: medium;\">O login \u201cMeu Pergamum\u201d<\/span><\/span><\/span><span style=\"color: #000000;\"><span style=\"font-family: Roboto, sans-serif;\"><span style=\"font-size: medium;\">(link abaixo), <\/span><\/span><\/span><span style=\"color: #000000;\"><span style=\"font-family: Roboto, sans-serif;\"><span style=\"font-size: medium;\">\u00e9 feito com a <\/span><\/span><\/span><span style=\"color: #000000;\"><span style=\"font-family: Roboto, sans-serif;\"><span style=\"font-size: medium;\">matr\u00edcula(<\/span><\/span><\/span><span style=\"color: #000000;\"><span style=\"font-family: Roboto, sans-serif;\"><span style=\"font-size: medium;\">c\u00f3digo <\/span><\/span><\/span><span style=\"color: #000000;\"><span style=\"font-family: Roboto, sans-serif;\"><span style=\"font-size: medium;\">3000 mais matr\u00edcula de 4 d\u00edgitos, exemplo: 30007522). <\/span><\/span><\/span><span style=\"color: #000000;\"><span style=\"font-family: Roboto, sans-serif;\"><span style=\"font-size: medium;\">Alunos com matr\u00edcula a partir de <\/span><\/span><\/span><span style=\"color: #000000;\"><span style=\"font-family: Roboto, sans-serif;\"><span style=\"font-size: medium;\">5 d\u00edgitos <\/span><\/span><\/span><span style=\"color: #000000;\"><span style=\"font-family: Roboto, sans-serif;\"><span style=\"font-size: medium;\">(c\u00f3digo 300 mais matr\u00edcula, exemplo: 30010000), <\/span><\/span><\/span><span style=\"color: #000000;\"><span style=\"font-family: Roboto, sans-serif;\"><span style=\"font-size: medium;\">seguido da senha de <\/span><\/span><\/span><span style=\"color: #000000;\"><span style=\"font-family: Roboto, sans-serif;\"><span style=\"font-size: medium;\">empr\u00e9stimo de livros da<\/span><\/span><\/span><span style=\"color: #000000;\"><span style=\"font-family: Roboto, sans-serif;\"><span style=\"font-size: medium;\"> Biblioteca (de 4 d\u00edgitos, dispon\u00edvel no Sapiens).<\/span><\/span><\/span><\/p>\n<p><span style=\"color: #000000;\"><span style=\"font-family: Roboto, sans-serif;\"><span style=\"font-size: medium;\">Obs: o procedimento \u00e9 o mesmo para servidor, sendo que no campo c\u00f3digo: colocar matr\u00edcula completa (Ex. 9999-9) e senha: usada na Biblioteca.<\/span><\/span><\/span><\/p>\n<p><span style=\"color: #000000;\"><span style=\"font-family: Roboto, sans-serif;\"><span style=\"font-size: medium;\">Para acessar \u201cMeu Pergamum\u201d clique no link abaixo:<\/span><\/span><\/span><\/p>\n<p><a href=\"https:\/\/pergamum.ufv.br\/biblioteca_s\/php\/login_usu.php?flag=index.php\">https:\/\/pergamum.ufv.br\/biblioteca_s\/php\/login_usu.php?flag=index.php<\/a><\/p>\n<p align=\"justify\"><strong><span style=\"color: #000000;\"><span style=\"font-family: Roboto, sans-serif;\"><span style=\"font-size: large;\"><u>Os pagamentos das multas s\u00e3o realizados via PIX, o aluno dever\u00e1 gerar a chave de pagamento atrav\u00e9s do link do <\/u><\/span><\/span><\/span><a href=\"https:\/\/pagtesouro.ufv.br\/\"><span style=\"color: #000000;\"><span style=\"font-family: var wp--preset--font-family--roboto;\"><span style=\"font-size: large;\"><u>PagTesouro<\/u><\/span><\/span><\/span><\/a><span style=\"color: #000000;\"><span style=\"font-family: Roboto, sans-serif;\"><span style=\"font-size: large;\"><u>:<\/u><\/span><\/span><\/span><\/strong><\/p>\n<ul>\n<li><strong><span style=\"color: #000000;\"><span style=\"font-family: Roboto, sans-serif;\"><span style=\"font-size: medium;\">Clique aqui: <\/span><\/span><\/span><\/strong><strong><a href=\"https:\/\/pagtesouro.ufv.br\/\"><span style=\"color: #000000;\"><span style=\"font-family: var wp--preset--font-family--roboto;\"><span style=\"font-size: medium;\"><u>PagTesouro<\/u><\/span><\/span><\/span><\/a><\/strong><span style=\"color: #000000;\"><span style=\"font-family: Roboto, sans-serif;\"><span style=\"font-size: medium;\">:<\/span><\/span><\/span><\/li>\n<\/ul>\n<p><span style=\"color: #000000;\"><span style=\"font-family: Roboto, sans-serif;\"><span style=\"font-size: medium;\">Na p\u00e1gina, clicar em FAZER UM PAGAMENTO;<\/span><\/span><\/span> <span style=\"color: #000000;\"><span style=\"font-family: Roboto, sans-serif;\"><span style=\"font-size: medium;\">depois \u00e9 necess\u00e1rio <\/span><\/span><\/span><span style=\"color: #000000;\"><span style=\"font-family: Roboto, sans-serif;\"><span style=\"font-size: medium;\">preencher <\/span><\/span><\/span><span style=\"color: #000000;\"><span style=\"font-family: Roboto, sans-serif;\"><span style=\"font-size: medium;\">o<\/span><\/span><\/span><span style=\"color: #000000;\"><span style=\"font-family: Roboto, sans-serif;\"><span style=\"font-size: medium;\">s campos a seguir:<br \/>\n\u2013 Servi\u00e7os: escolha a op\u00e7\u00e3o Taxa de Multa BBT;<br \/>\n\u2013 Refer\u00eancia: Insira o c\u00f3digo <\/span><\/span><\/span><strong><span style=\"color: #000000;\"><span style=\"font-family: Roboto, sans-serif;\"><span style=\"font-size: medium;\">154051<\/span><\/span><\/span><\/strong><span style=\"color: #000000;\"><span style=\"font-family: Roboto, sans-serif;\"><span style=\"font-size: medium;\">;<br \/>\n\u2013 Compet\u00eancia: m\u00eas e ano de pagamento da multa;<br \/>\n\u2013 Natureza Jur\u00eddica: marque a op\u00e7\u00e3o \u201cpessoa f\u00edsica\u201d e insira os dados de CPF e nome completo do usu\u00e1rio que possui a multa com a <\/span><\/span><\/span><span style=\"color: #000000;\"><span style=\"font-family: Roboto, sans-serif;\"><span style=\"font-size: medium;\">biblioteca<\/span><\/span><\/span><span style=\"color: #000000;\"><span style=\"font-family: Roboto, sans-serif;\"><span style=\"font-size: medium;\">;<br \/>\n\u2013 Adicione o valor da multa e clique na op\u00e7\u00e3o ir para pagamento e, depois, pagar com <\/span><\/span><\/span><a href=\"https:\/\/pagtesouro.ufv.br\/\"><span style=\"color: #000000;\"><span style=\"font-family: var wp--preset--font-family--roboto;\"><span style=\"font-size: medium;\"><u>PagTesouro<\/u><\/span><\/span><\/span><\/a><span style=\"color: #000000;\"><span style=\"font-family: Roboto, sans-serif;\"><span style=\"font-size: medium;\">;<br \/>\n\u2013 Para finalizar, selecione a op\u00e7\u00e3o de pagamento com o PIX e abra o seu aplicativo banc\u00e1rio de prefer\u00eancia, efetue o pagamento com a leitura do QR Code que aparecer\u00e1 na p\u00e1gina. <\/span><\/span><\/span><\/p>\n<ul>\n<li>\n<p align=\"justify\"><span style=\"color: #000000;\"><span style=\"font-family: Roboto, sans-serif;\"><span style=\"font-size: medium;\">Lembrando que o PIX gerado vale apenas por uma hora, se n\u00e3o pagar expira.<\/span><\/span><\/span><\/p>\n<\/li>\n<\/ul>\n<ul>\n<li>\n<p align=\"justify\"><span style=\"color: #000000;\"> <span style=\"font-family: Roboto, sans-serif;\"><span style=\"font-size: medium;\">Ap\u00f3s proceder com o pagamento, enviar para o <\/span><\/span><\/span><span style=\"color: #000000;\"><span style=\"font-family: Roboto, sans-serif;\"><span style=\"font-size: medium;\">WhatsA<\/span><\/span><\/span><span style=\"color: #000000;\"><span style=\"font-family: Roboto, sans-serif;\"><span style=\"font-size: medium;\">pp da Biblioteca <\/span><\/span><\/span><span style=\"color: #000000;\"><span style=\"font-family: Roboto, sans-serif;\"><span style=\"font-size: medium;\"><b>(34) 3855-9301<\/b><\/span><\/span><\/span><span style=\"color: #000000;\"><span style=\"font-family: Roboto, sans-serif;\"><span style=\"font-size: medium;\">, <\/span><\/span><\/span><span style=\"color: #000000;\"><span style=\"font-family: Roboto, sans-serif;\"><span style=\"font-size: medium;\">comprovante de pagamento, nome completo e n\u00famero de matr\u00edcula, pois a baixa do d\u00e9bito n\u00e3o \u00e9 autom\u00e1tica.<\/span><\/span><\/span><\/p>\n<\/li>\n<\/ul>\n","protected":false},"excerpt":{"rendered":"<p>Primeiramente para realizar o pagamento de multas, o aluno dever\u00e1 consultar o valor da mesma atrav\u00e9s do \u201cMeu Pergamum\u201d. O login \u201cMeu Pergamum\u201d(link abaixo), \u00e9 feito com a matr\u00edcula(c\u00f3digo 3000 mais matr\u00edcula de 4 d\u00edgitos, exemplo: 30007522). Alunos com matr\u00edcula a partir de 5 d\u00edgitos (c\u00f3digo 300 mais matr\u00edcula, exemplo: 30010000), seguido da senha de [&hellip;]<\/p>\n","protected":false},"author":1,"featured_media":0,"parent":0,"menu_order":0,"comment_status":"closed","ping_status":"closed","template":"","meta":{"footnotes":""},"class_list":["post-2217","page","type-page","status-publish","hentry"],"_links":{"self":[{"href":"https:\/\/bbt.crp.ufv.br\/index.php?rest_route=\/wp\/v2\/pages\/2217","targetHints":{"allow":["GET"]}}],"collection":[{"href":"https:\/\/bbt.crp.ufv.br\/index.php?rest_route=\/wp\/v2\/pages"}],"about":[{"href":"https:\/\/bbt.crp.ufv.br\/index.php?rest_route=\/wp\/v2\/types\/page"}],"author":[{"embeddable":true,"href":"https:\/\/bbt.crp.ufv.br\/index.php?rest_route=\/wp\/v2\/users\/1"}],"replies":[{"embeddable":true,"href":"https:\/\/bbt.crp.ufv.br\/index.php?rest_route=%2Fwp%2Fv2%2Fcomments&post=2217"}],"version-history":[{"count":41,"href":"https:\/\/bbt.crp.ufv.br\/index.php?rest_route=\/wp\/v2\/pages\/2217\/revisions"}],"predecessor-version":[{"id":2780,"href":"https:\/\/bbt.crp.ufv.br\/index.php?rest_route=\/wp\/v2\/pages\/2217\/revisions\/2780"}],"wp:attachment":[{"href":"https:\/\/bbt.crp.ufv.br\/index.php?rest_route=%2Fwp%2Fv2%2Fmedia&parent=2217"}],"curies":[{"name":"wp","href":"https:\/\/api.w.org\/{rel}","templated":true}]}}