{"id":2303,"date":"2018-10-23T09:23:02","date_gmt":"2018-10-23T12:23:02","guid":{"rendered":"https:\/\/bbt.crp.ufv.br\/?page_id=2303"},"modified":"2019-09-18T09:11:11","modified_gmt":"2019-09-18T12:11:11","slug":"menu-novo-01","status":"publish","type":"page","link":"https:\/\/bbt.crp.ufv.br\/?page_id=2303","title":{"rendered":"Consulta ao Acervo"},"content":{"rendered":"<p>Est\u00e3o dispon\u00edveis no\u00a0Cat\u00e1logo\u00a0<i>On-line<\/i>\u00a0os acervos da Biblioteca Central e das Bibliotecas Setoriais do campus de Vi\u00e7osa, da Biblioteca do campus de Rio Parana\u00edba e da Biblioteca do campus de Florestal, sendo poss\u00edvel a consulta no acervo geral da UFV, ou por biblioteca.<\/p>\n<blockquote><p>\u2013 Clicar em\u00a0<em>Login<\/em>\u00a0(canto superior direito);<br \/>\n\u2013 Digitar N\u00ba da matr\u00edcula UFV (sem ES), senha e clicar em\u00a0<em>Login<\/em>\u00a0para confirmar;<br \/>\n\u2013 Clicar em \u201cMeu Pergamum\u201d no menu superior, para ter acesso \u00e0 sua conta.<\/p><\/blockquote>\n<p>O sistema permite consultas por t\u00edtulo, autor ou assunto, al\u00e9m de combina\u00e7\u00f5es entre os campos de pesquisa com o uso de palavras-chave e delimitadores (\u201ce\u201d, \u201cou\u201d, \u201cn\u00e3o\u201d ou \u201cpr\u00f3ximo\u201d). Permite tamb\u00e9m especifica\u00e7\u00f5es, atrav\u00e9s dos filtros de conte\u00fado, como por exemplo, idioma, formato do item, data de publica\u00e7\u00e3o, entre outros.<\/p>\n<p>A \u00e1rea do\u00a0\u201cMeu Pergamum\u201d\u00a0registra todo o hist\u00f3rico de movimenta\u00e7\u00e3o relativa a empr\u00e9stimos, renova\u00e7\u00f5es, reservas de material e pesquisas salvas.<\/p>\n<h3>&#x1f539;\u00a0<strong><a href=\"http:\/\/pergamum.ufv.br\/\" target=\"_blank\" rel=\"noopener\">Cat\u00e1logo\u00a0<i>On-line<\/i>, consulta ao acervo, renova\u00e7\u00f5es e reservas<\/a><\/strong><\/h3>\n","protected":false},"excerpt":{"rendered":"<p>Est\u00e3o dispon\u00edveis no\u00a0Cat\u00e1logo\u00a0On-line\u00a0os acervos da Biblioteca Central e das Bibliotecas Setoriais do campus de Vi\u00e7osa, da Biblioteca do campus de Rio Parana\u00edba e da Biblioteca do campus de Florestal, sendo poss\u00edvel a consulta no acervo geral da UFV, ou por biblioteca. \u2013 Clicar em\u00a0Login\u00a0(canto superior direito); \u2013 Digitar N\u00ba da matr\u00edcula UFV (sem ES), senha [&hellip;]<\/p>\n","protected":false},"author":1,"featured_media":0,"parent":0,"menu_order":0,"comment_status":"closed","ping_status":"closed","template":"","meta":{"footnotes":""},"class_list":["post-2303","page","type-page","status-publish","hentry"],"_links":{"self":[{"href":"https:\/\/bbt.crp.ufv.br\/index.php?rest_route=\/wp\/v2\/pages\/2303","targetHints":{"allow":["GET"]}}],"collection":[{"href":"https:\/\/bbt.crp.ufv.br\/index.php?rest_route=\/wp\/v2\/pages"}],"about":[{"href":"https:\/\/bbt.crp.ufv.br\/index.php?rest_route=\/wp\/v2\/types\/page"}],"author":[{"embeddable":true,"href":"https:\/\/bbt.crp.ufv.br\/index.php?rest_route=\/wp\/v2\/users\/1"}],"replies":[{"embeddable":true,"href":"https:\/\/bbt.crp.ufv.br\/index.php?rest_route=%2Fwp%2Fv2%2Fcomments&post=2303"}],"version-history":[{"count":10,"href":"https:\/\/bbt.crp.ufv.br\/index.php?rest_route=\/wp\/v2\/pages\/2303\/revisions"}],"predecessor-version":[{"id":2547,"href":"https:\/\/bbt.crp.ufv.br\/index.php?rest_route=\/wp\/v2\/pages\/2303\/revisions\/2547"}],"wp:attachment":[{"href":"https:\/\/bbt.crp.ufv.br\/index.php?rest_route=%2Fwp%2Fv2%2Fmedia&parent=2303"}],"curies":[{"name":"wp","href":"https:\/\/api.w.org\/{rel}","templated":true}]}}