{"id":2305,"date":"2018-10-23T09:23:16","date_gmt":"2018-10-23T12:23:16","guid":{"rendered":"https:\/\/bbt.crp.ufv.br\/?page_id=2305"},"modified":"2023-07-20T11:35:50","modified_gmt":"2023-07-20T14:35:50","slug":"menu-novo-02","status":"publish","type":"page","link":"https:\/\/bbt.crp.ufv.br\/?page_id=2305","title":{"rendered":"Contato"},"content":{"rendered":"<div style=\"text-align: center;\"><strong>Contato<\/strong><\/div>\n<div style=\"text-align: center;\"><strong>\u00a0<\/strong><\/div>\n<div style=\"text-align: center;\"><strong>Servi\u00e7o de Atendimento ao P\u00fablico<\/strong><\/div>\n<div><\/div>\n<div style=\"text-align: center;\">Fone: (34) 3855-9301<\/div>\n<div style=\"text-align: center;\">Hor\u00e1rio de atendimento 7h \u00e0s 22h<\/div>\n<p style=\"text-align: center;\">E-mail.: bibliotecaufvcrp@ufv.br<\/p>\n<div style=\"text-align: center;\"><strong>Atendimento Empr\u00e9stimo entre Bibliotecas<br \/>\n<\/strong><\/div>\n<p style=\"text-align: center;\">Fone: (34) 3855-9301<br \/>\nE-mail:\u00a0bibliotecaufvcrp@ufv.br<\/p>\n<div style=\"text-align: center;\"><strong>Se\u00e7\u00e3o de Cataloga\u00e7\u00e3o e Classifica\u00e7\u00e3o<\/strong><\/div>\n<p style=\"text-align: center;\">Fone: (34) 3855-9306\/3855-9363<br \/>\nHor\u00e1rio de atendimento: 8h \u00e0s 17h<\/p>\n<p style=\"text-align: center;\"><strong>\u00a0\u00a0\u00a0\u00a0\u00a0\u00a0 Servi\u00e7o de Refer\u00eancia<br \/>\n<\/strong><\/p>\n<p style=\"text-align: center;\">Sala BBT 228.\u00a0 Fone: (34) 3855-9310<br \/>\nHor\u00e1rio de atendimento: 7h \u00e0s13h E-mail: anapsouza@ufv.br<\/p>\n<p style=\"text-align: center;\"><strong>Dire\u00e7\u00e3o<\/strong><\/p>\n<p style=\"text-align: center;\">Sala BBT 104. Fone: (34) 3855-9363<br \/>\nHor\u00e1rio de atendimento: 8h \u00e0s 12h e 13h \u00e0s 17h<br \/>\nE-mail:\u00a0crislene@ufv.br<\/p>\n","protected":false},"excerpt":{"rendered":"<p>Contato \u00a0 Servi\u00e7o de Atendimento ao P\u00fablico Fone: (34) 3855-9301 Hor\u00e1rio de atendimento 7h \u00e0s 22h E-mail.: bibliotecaufvcrp@ufv.br Atendimento Empr\u00e9stimo entre Bibliotecas Fone: (34) 3855-9301 E-mail:\u00a0bibliotecaufvcrp@ufv.br Se\u00e7\u00e3o de Cataloga\u00e7\u00e3o e Classifica\u00e7\u00e3o Fone: (34) 3855-9306\/3855-9363 Hor\u00e1rio de atendimento: 8h \u00e0s 17h \u00a0\u00a0\u00a0\u00a0\u00a0\u00a0 Servi\u00e7o de Refer\u00eancia Sala BBT 228.\u00a0 Fone: (34) 3855-9310 Hor\u00e1rio de atendimento: 7h \u00e0s13h [&hellip;]<\/p>\n","protected":false},"author":1,"featured_media":0,"parent":0,"menu_order":0,"comment_status":"closed","ping_status":"closed","template":"","meta":{"footnotes":""},"class_list":["post-2305","page","type-page","status-publish","hentry"],"_links":{"self":[{"href":"https:\/\/bbt.crp.ufv.br\/index.php?rest_route=\/wp\/v2\/pages\/2305","targetHints":{"allow":["GET"]}}],"collection":[{"href":"https:\/\/bbt.crp.ufv.br\/index.php?rest_route=\/wp\/v2\/pages"}],"about":[{"href":"https:\/\/bbt.crp.ufv.br\/index.php?rest_route=\/wp\/v2\/types\/page"}],"author":[{"embeddable":true,"href":"https:\/\/bbt.crp.ufv.br\/index.php?rest_route=\/wp\/v2\/users\/1"}],"replies":[{"embeddable":true,"href":"https:\/\/bbt.crp.ufv.br\/index.php?rest_route=%2Fwp%2Fv2%2Fcomments&post=2305"}],"version-history":[{"count":11,"href":"https:\/\/bbt.crp.ufv.br\/index.php?rest_route=\/wp\/v2\/pages\/2305\/revisions"}],"predecessor-version":[{"id":2727,"href":"https:\/\/bbt.crp.ufv.br\/index.php?rest_route=\/wp\/v2\/pages\/2305\/revisions\/2727"}],"wp:attachment":[{"href":"https:\/\/bbt.crp.ufv.br\/index.php?rest_route=%2Fwp%2Fv2%2Fmedia&parent=2305"}],"curies":[{"name":"wp","href":"https:\/\/api.w.org\/{rel}","templated":true}]}}