{"id":2332,"date":"2018-10-23T10:20:47","date_gmt":"2018-10-23T13:20:47","guid":{"rendered":"https:\/\/bbt.crp.ufv.br\/?page_id=2332"},"modified":"2018-11-01T10:56:08","modified_gmt":"2018-11-01T13:56:08","slug":"renovacao-reserva","status":"publish","type":"page","link":"https:\/\/bbt.crp.ufv.br\/?page_id=2332","title":{"rendered":"Renova\u00e7\u00e3o\/Reserva"},"content":{"rendered":"<p>-\u00c9 um servi\u00e7o que permite a renova\u00e7\u00e3o dos empr\u00e9stimos, prorrogando o prazo dos mesmos, caso n\u00e3o hajam solicita\u00e7\u00f5es de reserva para esses exemplares;<\/p>\n<p>-\u00c9 realizado pelo pr\u00f3prio usu\u00e1rio, que dever\u00e1 estar atento aos prazos de vencimento, inclusive nos per\u00edodos de recesso escolar;<\/p>\n<p>-Pode ser realizado nos terminais de consulta da Biblioteca, ou a partir de qualquer computador com acesso \u00e0 internet, via \u201c<a href=\"https:\/\/pergamum.ufv.br\/biblioteca_s\/php\/login_usu.php?flag=index.php\" target=\"fDIspRnQIwBsqGLuwqhxAQ1\" rel=\"nofollow\">Meu Pergamum<\/a>\u201c, na p\u00e1gina do Cat\u00e1logo On-line.<\/p>\n<p>-O acesso ao \u201c<a href=\"https:\/\/pergamum.ufv.br\/biblioteca_s\/php\/login_usu.php?flag=index.php\" target=\"d0yPoz5nttzODDJGLB3Fzg3\" rel=\"nofollow\">Meu Pergamum<\/a>\u201d \u00e9 feito atrav\u00e9s do\u00a0<em>login<\/em>\u00a0(identifica\u00e7\u00e3o) do usu\u00e1rio, usando o n\u00famero de matr\u00edcula (Ex. 30005555\u201d) e a senha cadastrada no sistema da Biblioteca.<\/p>\n<p>A Renova\u00e7\u00e3o n\u00e3o ser\u00e1 poss\u00edvel diante das seguintes situa\u00e7\u00f5es:<\/p>\n<p>-o material j\u00e1 estiver reservado para outro usu\u00e1rio;<\/p>\n<p>-a solicita\u00e7\u00e3o for efetuada no dia do empr\u00e9stimo;<\/p>\n<p>-o usu\u00e1rio exceder o limite de renova\u00e7\u00f5es (5 online);<\/p>\n<p>-houver d\u00e9bito superior a R$ 4,50;<\/p>\n<p>-o usu\u00e1rio possuir empr\u00e9stimos em atraso;<\/p>\n<p>-a data de cadastro do usu\u00e1rio estiver expirada.<\/p>\n<h3>&#x1f539;<strong><a href=\"https:\/\/pergamum.ufv.br\/biblioteca_s\/php\/login_usu.php?flag=index.php\" target=\"lYbDS-vV8K4_mYu3UDnyVw8\" rel=\"nofollow\">Efetuar Renova\u00e7\u00e3o \/ Reserva\u00a0<i>On-line<\/i><\/a><\/strong><\/h3>\n","protected":false},"excerpt":{"rendered":"<p>-\u00c9 um servi\u00e7o que permite a renova\u00e7\u00e3o dos empr\u00e9stimos, prorrogando o prazo dos mesmos, caso n\u00e3o hajam solicita\u00e7\u00f5es de reserva para esses exemplares; -\u00c9 realizado pelo pr\u00f3prio usu\u00e1rio, que dever\u00e1 estar atento aos prazos de vencimento, inclusive nos per\u00edodos de recesso escolar; -Pode ser realizado nos terminais de consulta da Biblioteca, ou a partir de [&hellip;]<\/p>\n","protected":false},"author":7,"featured_media":0,"parent":0,"menu_order":0,"comment_status":"closed","ping_status":"closed","template":"","meta":{"footnotes":""},"class_list":["post-2332","page","type-page","status-publish","hentry"],"_links":{"self":[{"href":"https:\/\/bbt.crp.ufv.br\/index.php?rest_route=\/wp\/v2\/pages\/2332","targetHints":{"allow":["GET"]}}],"collection":[{"href":"https:\/\/bbt.crp.ufv.br\/index.php?rest_route=\/wp\/v2\/pages"}],"about":[{"href":"https:\/\/bbt.crp.ufv.br\/index.php?rest_route=\/wp\/v2\/types\/page"}],"author":[{"embeddable":true,"href":"https:\/\/bbt.crp.ufv.br\/index.php?rest_route=\/wp\/v2\/users\/7"}],"replies":[{"embeddable":true,"href":"https:\/\/bbt.crp.ufv.br\/index.php?rest_route=%2Fwp%2Fv2%2Fcomments&post=2332"}],"version-history":[{"count":4,"href":"https:\/\/bbt.crp.ufv.br\/index.php?rest_route=\/wp\/v2\/pages\/2332\/revisions"}],"predecessor-version":[{"id":2482,"href":"https:\/\/bbt.crp.ufv.br\/index.php?rest_route=\/wp\/v2\/pages\/2332\/revisions\/2482"}],"wp:attachment":[{"href":"https:\/\/bbt.crp.ufv.br\/index.php?rest_route=%2Fwp%2Fv2%2Fmedia&parent=2332"}],"curies":[{"name":"wp","href":"https:\/\/api.w.org\/{rel}","templated":true}]}}