{"id":2370,"date":"2018-10-23T11:17:52","date_gmt":"2018-10-23T14:17:52","guid":{"rendered":"https:\/\/bbt.crp.ufv.br\/?page_id=2370"},"modified":"2018-10-30T14:28:38","modified_gmt":"2018-10-30T17:28:38","slug":"acesso-ao-comut","status":"publish","type":"page","link":"https:\/\/bbt.crp.ufv.br\/?page_id=2370","title":{"rendered":"Acesso ao COMUT"},"content":{"rendered":"<p>A Comuta\u00e7\u00e3o Bibliogr\u00e1fica \u00e9 um servi\u00e7o que permite ao usu\u00e1rio solicitar c\u00f3pias e\/ou empr\u00e9stimos a outras bibliotecas ou sistemas de informa\u00e7\u00e3o (nacionais ou estrangeiros). Para tanto, \u00e9 necess\u00e1rio cadastrar-se previamente no site do\u00a0<a href=\"http:\/\/comut.ibict.br\/comut\" target=\"_blank\" rel=\"noopener\">Programa de Comuta\u00e7\u00e3o Bibliogr\u00e1fica (COMUT\/IBICT)<\/a>.<\/p>\n<p>Antes de solicitar documentos ao servi\u00e7o de comuta\u00e7\u00e3o, fa\u00e7a uma pesquisa no\u00a0<a href=\"http:\/\/alexandria.cpd.ufv.br:8000\/cgi-bin\/gw\/chameleon\" target=\"_blank\" rel=\"noopener\">Cat\u00e1logo\u00a0<i>On-line<\/i><\/a>\u00a0ou no\u00a0<a href=\"http:\/\/www-periodicos-capes-gov-br.ez35.periodicos.capes.gov.br\/index.php?option=com_phome\" target=\"_blank\" rel=\"noopener\">Portal de Peri\u00f3dicos da Capes<\/a>, a fim de verificar se o mesmo n\u00e3o encontra-se dispon\u00edvel na Biblioteca, pois o fornecimento de documentos atrav\u00e9s deste servi\u00e7o n\u00e3o \u00e9 gratuito,\u00a0<a href=\"http:\/\/comut.ibict.br\/comut\/do\/bonusHelp?op=tabelaPrecos\" target=\"_blank\" rel=\"noopener\">confira a tabela de pre\u00e7os aqui<\/a>.<\/p>\n<p>Em caso de d\u00favidas, ou necessidade de maiores informa\u00e7\u00f5es, procure um Bibliotec\u00e1rio.<\/p>\n<p>Telefone: (34) 3855-9363 ou 3855-9306<\/p>\n<p>Hor\u00e1rio de atendimento: 8h \u00e0s 17h<\/p>\n<h2>\u00a0\u00a0&#x1f539;<a href=\"http:\/\/comut.ibict.br\/comut\/do\/index?op=filtroForm\" target=\"_blank\" rel=\"noopener\">acesse o COMUT.<\/a><\/h2>\n","protected":false},"excerpt":{"rendered":"<p>A Comuta\u00e7\u00e3o Bibliogr\u00e1fica \u00e9 um servi\u00e7o que permite ao usu\u00e1rio solicitar c\u00f3pias e\/ou empr\u00e9stimos a outras bibliotecas ou sistemas de informa\u00e7\u00e3o (nacionais ou estrangeiros). Para tanto, \u00e9 necess\u00e1rio cadastrar-se previamente no site do\u00a0Programa de Comuta\u00e7\u00e3o Bibliogr\u00e1fica (COMUT\/IBICT). Antes de solicitar documentos ao servi\u00e7o de comuta\u00e7\u00e3o, fa\u00e7a uma pesquisa no\u00a0Cat\u00e1logo\u00a0On-line\u00a0ou no\u00a0Portal de Peri\u00f3dicos da Capes, a [&hellip;]<\/p>\n","protected":false},"author":7,"featured_media":0,"parent":0,"menu_order":0,"comment_status":"closed","ping_status":"closed","template":"","meta":{"footnotes":""},"class_list":["post-2370","page","type-page","status-publish","hentry"],"_links":{"self":[{"href":"https:\/\/bbt.crp.ufv.br\/index.php?rest_route=\/wp\/v2\/pages\/2370","targetHints":{"allow":["GET"]}}],"collection":[{"href":"https:\/\/bbt.crp.ufv.br\/index.php?rest_route=\/wp\/v2\/pages"}],"about":[{"href":"https:\/\/bbt.crp.ufv.br\/index.php?rest_route=\/wp\/v2\/types\/page"}],"author":[{"embeddable":true,"href":"https:\/\/bbt.crp.ufv.br\/index.php?rest_route=\/wp\/v2\/users\/7"}],"replies":[{"embeddable":true,"href":"https:\/\/bbt.crp.ufv.br\/index.php?rest_route=%2Fwp%2Fv2%2Fcomments&post=2370"}],"version-history":[{"count":14,"href":"https:\/\/bbt.crp.ufv.br\/index.php?rest_route=\/wp\/v2\/pages\/2370\/revisions"}],"predecessor-version":[{"id":2449,"href":"https:\/\/bbt.crp.ufv.br\/index.php?rest_route=\/wp\/v2\/pages\/2370\/revisions\/2449"}],"wp:attachment":[{"href":"https:\/\/bbt.crp.ufv.br\/index.php?rest_route=%2Fwp%2Fv2%2Fmedia&parent=2370"}],"curies":[{"name":"wp","href":"https:\/\/api.w.org\/{rel}","templated":true}]}}