{"id":2439,"date":"2018-10-30T12:10:21","date_gmt":"2018-10-30T15:10:21","guid":{"rendered":"https:\/\/bbt.crp.ufv.br\/?page_id=2439"},"modified":"2018-10-30T14:39:04","modified_gmt":"2018-10-30T17:39:04","slug":"acesso-emprestimo-de-bbt","status":"publish","type":"page","link":"https:\/\/bbt.crp.ufv.br\/?page_id=2439","title":{"rendered":"acesso empr\u00e9stimo de bbt"},"content":{"rendered":"<div style=\"text-align: center;\">O empr\u00e9stimo entre Bibliotecas dever\u00e1 ser feito via email: bibliotecaufvcrp@ufv.br<\/div>\n<div style=\"text-align: center;\">Favor informar<\/div>\n<div style=\"text-align: center;\"><\/div>\n<div style=\"text-align: center;\">T\u00edtulo:<\/div>\n<div style=\"text-align: center;\">Autor:<\/div>\n<div class=\"ydp1773d1bsignature\">\n<div style=\"text-align: center;\">Edi\u00e7\u00e3o:<\/div>\n<div style=\"text-align: center;\">Ano:<\/div>\n<div style=\"text-align: center;\">Biblioteca que est\u00e1 a obra a ser solicitada:<\/div>\n<div style=\"text-align: center;\"><\/div>\n<div style=\"text-align: center;\">Obs: os prazos para envio das obras, oscilam dependendo do dia da semana e da Biblioteca em que se encontra o livro solicitado. Essas informa\u00e7\u00f5es ser\u00e3o fornecidas por email ap\u00f3s feita a socilita\u00e7\u00e3o. Favor acompanhar.<\/div>\n<\/div>\n","protected":false},"excerpt":{"rendered":"<p>O empr\u00e9stimo entre Bibliotecas dever\u00e1 ser feito via email: bibliotecaufvcrp@ufv.br Favor informar T\u00edtulo: Autor: Edi\u00e7\u00e3o: Ano: Biblioteca que est\u00e1 a obra a ser solicitada: Obs: os prazos para envio das obras, oscilam dependendo do dia da semana e da Biblioteca em que se encontra o livro solicitado. Essas informa\u00e7\u00f5es ser\u00e3o fornecidas por email ap\u00f3s feita [&hellip;]<\/p>\n","protected":false},"author":7,"featured_media":0,"parent":0,"menu_order":0,"comment_status":"closed","ping_status":"closed","template":"","meta":{"footnotes":""},"class_list":["post-2439","page","type-page","status-publish","hentry"],"_links":{"self":[{"href":"https:\/\/bbt.crp.ufv.br\/index.php?rest_route=\/wp\/v2\/pages\/2439","targetHints":{"allow":["GET"]}}],"collection":[{"href":"https:\/\/bbt.crp.ufv.br\/index.php?rest_route=\/wp\/v2\/pages"}],"about":[{"href":"https:\/\/bbt.crp.ufv.br\/index.php?rest_route=\/wp\/v2\/types\/page"}],"author":[{"embeddable":true,"href":"https:\/\/bbt.crp.ufv.br\/index.php?rest_route=\/wp\/v2\/users\/7"}],"replies":[{"embeddable":true,"href":"https:\/\/bbt.crp.ufv.br\/index.php?rest_route=%2Fwp%2Fv2%2Fcomments&post=2439"}],"version-history":[{"count":3,"href":"https:\/\/bbt.crp.ufv.br\/index.php?rest_route=\/wp\/v2\/pages\/2439\/revisions"}],"predecessor-version":[{"id":2453,"href":"https:\/\/bbt.crp.ufv.br\/index.php?rest_route=\/wp\/v2\/pages\/2439\/revisions\/2453"}],"wp:attachment":[{"href":"https:\/\/bbt.crp.ufv.br\/index.php?rest_route=%2Fwp%2Fv2%2Fmedia&parent=2439"}],"curies":[{"name":"wp","href":"https:\/\/api.w.org\/{rel}","templated":true}]}}