{"id":2575,"date":"2019-09-18T11:02:46","date_gmt":"2019-09-18T14:02:46","guid":{"rendered":"https:\/\/bbt.crp.ufv.br\/?page_id=2575"},"modified":"2019-09-18T11:26:20","modified_gmt":"2019-09-18T14:26:20","slug":"periodicos-nutricao","status":"publish","type":"page","link":"https:\/\/bbt.crp.ufv.br\/?page_id=2575","title":{"rendered":"Peri\u00f3dicos Nutri\u00e7\u00e3o"},"content":{"rendered":"<p>&nbsp;<\/p>\n<table>\n<tbody>\n<tr>\n<td width=\"198\">\n<p style=\"text-align: center;\">Archivos latino-americanos de nutrici\u00f3n<\/p>\n<\/td>\n<td width=\"85\">Lilacs<\/td>\n<td width=\"369\"><a href=\"https:\/\/www.alanrevista.org\/\">https:\/\/www.alanrevista.org\/<\/a><\/td>\n<\/tr>\n<tr>\n<td width=\"198\">&nbsp;<\/p>\n<p style=\"text-align: center;\">Cadernos Sa\u00fade Coletiva<\/p>\n<p>&nbsp;<\/td>\n<td width=\"85\">Scielo<\/td>\n<td width=\"369\"><a href=\"http:\/\/www.scielo.br\/scielo.php?script=sci_serial&amp;pid=1414-462X&amp;lng=pt&amp;nrm=isso\">http:\/\/www.scielo.br\/scielo.php?script=sci_serial&amp;pid=1414-462X&amp;lng=pt&amp;nrm=isso<\/a><\/td>\n<\/tr>\n<tr>\n<td width=\"198\">&nbsp;<\/p>\n<p style=\"text-align: center;\">Cadernos de Sa\u00fade P\u00fablica<\/p>\n<p>&nbsp;<\/td>\n<td width=\"85\">Scielo<\/td>\n<td width=\"369\"><a href=\"http:\/\/www.scielo.br\/scielo.php?script=sci_serial&amp;pid=0102-311X&amp;lng=pt&amp;nrm=isso\">http:\/\/www.scielo.br\/scielo.php?script=sci_serial&amp;pid=0102-311X&amp;lng=pt&amp;nrm=isso<\/a><\/td>\n<\/tr>\n<tr>\n<td width=\"198\">\n<p style=\"text-align: center;\">Ci\u00eancia &amp; Sa\u00fade Coletiva<\/p>\n<p>&nbsp;<\/td>\n<td width=\"85\">Scielo<\/td>\n<td width=\"369\"><a href=\"http:\/\/www.scielo.br\/scielo.php?script=sci_serial&amp;pid=1413-8123&amp;lng=pt&amp;nrm=isso\">http:\/\/www.scielo.br\/scielo.php?script=sci_serial&amp;pid=1413-8123&amp;lng=pt&amp;nrm=isso<\/a><\/td>\n<\/tr>\n<tr>\n<td width=\"198\">\n<p style=\"text-align: center;\">Demetra: alimenta\u00e7\u00e3o, nutri\u00e7\u00e3o e sa\u00fade<\/p>\n<p>&nbsp;<\/td>\n<td width=\"85\"><\/td>\n<td width=\"369\"><a href=\"https:\/\/www.e-publicacoes.uerj.br\/index.php\/demetra\/article\/view\/31306\/27246\">https:\/\/www.e-publicacoes.uerj.br\/index.php\/demetra\/article\/view\/31306\/27246<\/a><\/td>\n<\/tr>\n<tr>\n<td width=\"198\">&nbsp;<\/p>\n<p style=\"text-align: center;\">Epidemiologia e Servi\u00e7os de Sa\u00fade<\/p>\n<p>&nbsp;<\/td>\n<td width=\"85\">Scielo<\/td>\n<td width=\"369\"><a href=\"http:\/\/www.scielo.br\/scielo.php?script=sci_serial&amp;pid=2237-9622&amp;lng=pt&amp;nrm=isso\">http:\/\/www.scielo.br\/scielo.php?script=sci_serial&amp;pid=2237-9622&amp;lng=pt&amp;nrm=isso<\/a><\/td>\n<\/tr>\n<tr>\n<td width=\"198\">&nbsp;<\/p>\n<p style=\"text-align: center;\">Food Science and Technology<\/p>\n<p>&nbsp;<\/td>\n<td width=\"85\">Scielo<\/td>\n<td width=\"369\"><a href=\"http:\/\/www.scielo.br\/scielo.php?script=sci_serial&amp;pid=0101-2061&amp;lng=isso&amp;nrm=isso\">http:\/\/www.scielo.br\/scielo.php?script=sci_serial&amp;pid=0101-2061&amp;lng=isso&amp;nrm=isso<\/a><\/td>\n<\/tr>\n<tr>\n<td width=\"198\">&nbsp;<\/p>\n<p style=\"text-align: center;\">Hist\u00f3ria, Ci\u00eancias, Sa\u00fade-Manguinhos<\/p>\n<p>&nbsp;<\/td>\n<td width=\"85\">Scielo<\/td>\n<td width=\"369\"><a href=\"http:\/\/www.scielo.br\/scielo.php?script=sci_serial&amp;pid=0104-5970&amp;lng=pt&amp;nrm=isso\">http:\/\/www.scielo.br\/scielo.php?script=sci_serial&amp;pid=0104-5970&amp;lng=pt&amp;nrm=isso<\/a><\/td>\n<\/tr>\n<tr>\n<td width=\"198\">&nbsp;<\/p>\n<p style=\"text-align: center;\">Interface \u2013 Comunica\u00e7\u00e3o, Sa\u00fade, Educa\u00e7\u00e3o<\/p>\n<p>&nbsp;<\/td>\n<td width=\"85\">Scielo<\/td>\n<td width=\"369\"><a href=\"http:\/\/www.scielo.br\/scielo.php?script=sci_serial&amp;pid=1414-3283&amp;lng=pt&amp;nrm=isso\">http:\/\/www.scielo.br\/scielo.php?script=sci_serial&amp;pid=1414-3283&amp;lng=pt&amp;nrm=isso<\/a><\/td>\n<\/tr>\n<tr>\n<td width=\"198\">&nbsp;<\/p>\n<p style=\"text-align: center;\">International Journal of Cardiovascular Sciences<\/p>\n<p>&nbsp;<\/td>\n<td width=\"85\">Scielo<\/td>\n<td width=\"369\"><a href=\"http:\/\/www.scielo.br\/scielo.php?script=sci_serial&amp;pid=2359-5647&amp;lng=pt&amp;nrm=isso\">http:\/\/www.scielo.br\/scielo.php?script=sci_serial&amp;pid=2359-5647&amp;lng=pt&amp;nrm=isso<\/a><\/td>\n<\/tr>\n<tr>\n<td width=\"198\">&nbsp;<\/p>\n<p style=\"text-align: center;\">Jornal de Pediatria<\/p>\n<p>&nbsp;<\/td>\n<td width=\"85\">Scielo<\/td>\n<td width=\"369\"><a href=\"http:\/\/www.scielo.br\/scielo.php?script=sci_serial&amp;pid=0021-7557&amp;lng=pt&amp;nrm=isso\">http:\/\/www.scielo.br\/scielo.php?script=sci_serial&amp;pid=0021-7557&amp;lng=pt&amp;nrm=isso<\/a><\/td>\n<\/tr>\n<tr>\n<td width=\"198\">&nbsp;<\/p>\n<p style=\"text-align: center;\">Journal of international society of sport nutrition<\/p>\n<p>&nbsp;<\/td>\n<td width=\"85\">Pubmed<\/td>\n<td width=\"369\"><a href=\"https:\/\/jissn.biomedcentral.com\/\">https:\/\/jissn.biomedcentral.com\/<\/a><\/td>\n<\/tr>\n<tr>\n<td width=\"198\">&nbsp;<\/p>\n<p style=\"text-align: center;\">Medicine and science in sports and exercise<\/p>\n<p>&nbsp;<\/td>\n<td width=\"85\">Pubmed<\/td>\n<td width=\"369\"><a href=\"https:\/\/www.acsm.org\/read-research\/journals-bulletins\/medicine-science-in-sports-exercise\">https:\/\/www.acsm.org\/read-research\/journals-bulletins\/medicine-science-in-sports-exercise<\/a><\/td>\n<\/tr>\n<tr>\n<td style=\"text-align: center;\" width=\"198\">Nutrici\u00f3n hospitalaria<\/td>\n<td width=\"85\">Scielo<\/td>\n<td width=\"369\"><a href=\"http:\/\/scielo.isciii.es\/scielo.php?script=sci_serial&amp;pid=0212-1611&amp;nrm=iso&amp;rep=&amp;lng=pt\">http:\/\/scielo.isciii.es\/scielo.php?script=sci_serial&amp;pid=0212-1611&amp;nrm=iso&amp;rep=&amp;lng=pt<\/a><\/td>\n<\/tr>\n<tr>\n<td style=\"text-align: center;\" width=\"198\">Nutrition<\/td>\n<td width=\"85\">Elsevier\/CAPES<\/td>\n<td width=\"369\"><a href=\"https:\/\/www.journals.elsevier.com\/nutrition\">https:\/\/www.journals.elsevier.com\/nutrition<\/a><\/td>\n<\/tr>\n<tr>\n<td style=\"text-align: center;\" width=\"198\">\u00a0Physis: Revista de Sa\u00fade Coletiva<\/td>\n<td width=\"85\">Scielo<\/td>\n<td width=\"369\"><a href=\"http:\/\/www.scielo.br\/scielo.php?script=sci_serial&amp;pid=0103-7331&amp;lng=pt&amp;nrm=isso\">http:\/\/www.scielo.br\/scielo.php?script=sci_serial&amp;pid=0103-7331&amp;lng=pt&amp;nrm=isso<\/a><\/td>\n<\/tr>\n<tr>\n<td style=\"text-align: center;\" width=\"198\">Plos One<\/td>\n<td width=\"85\"><\/td>\n<td width=\"369\"><a href=\"https:\/\/journals.plos.org\/plosone\/\">https:\/\/journals.plos.org\/plosone\/<\/a><\/td>\n<\/tr>\n<tr>\n<td style=\"text-align: center;\" width=\"198\">Revista Bio\u00e9tica<\/td>\n<td width=\"85\">Scielo<\/td>\n<td width=\"369\"><a href=\"http:\/\/www.scielo.br\/scielo.php?script=sci_serial&amp;pid=1983-8042&amp;lng=pt&amp;nrm=isso\">http:\/\/www.scielo.br\/scielo.php?script=sci_serial&amp;pid=1983-8042&amp;lng=pt&amp;nrm=isso<\/a><\/td>\n<\/tr>\n<tr>\n<td style=\"text-align: center;\" width=\"198\">Revista Brasileira de Epidemiologia<\/td>\n<td width=\"85\">Scielo<\/td>\n<td width=\"369\"><a href=\"http:\/\/www.scielo.br\/scielo.php?script=sci_serial&amp;pid=1415-790X&amp;lng=pt&amp;nrm=isso\">http:\/\/www.scielo.br\/scielo.php?script=sci_serial&amp;pid=1415-790X&amp;lng=pt&amp;nrm=isso<\/a><\/td>\n<\/tr>\n<tr>\n<td style=\"text-align: center;\" width=\"198\">Revista Brasileira de Ci\u00eancias do Esporte<\/td>\n<td width=\"85\">Scielo<\/td>\n<td width=\"369\"><a href=\"http:\/\/www.scielo.br\/scielo.php?script=sci_serial&amp;pid=0101-3289&amp;lng=isso&amp;nrm=isso\">http:\/\/www.scielo.br\/scielo.php?script=sci_serial&amp;pid=0101-3289&amp;lng=isso&amp;nrm=isso<\/a><\/td>\n<\/tr>\n<tr>\n<td width=\"198\">\n<p style=\"text-align: center;\">Revista Brasileira de Cineantropometria &amp; desempenho humano<\/p>\n<\/td>\n<td width=\"85\">Scielo<\/td>\n<td width=\"369\"><a href=\"http:\/\/www.scielo.br\/scielo.php?script=sci_serial&amp;lng=isso&amp;pid=1980-0037\">http:\/\/www.scielo.br\/scielo.php?script=sci_serial&amp;lng=isso&amp;pid=1980-0037<\/a><\/td>\n<\/tr>\n<tr>\n<td width=\"198\">Revista Brasileira de Geriatria e Gerontologia<\/td>\n<td width=\"85\">Scielo<\/td>\n<td width=\"369\"><a href=\"http:\/\/www.scielo.br\/scielo.php?script=sci_serial&amp;pid=1809-9823&amp;lng=pt&amp;nrm=isso\">http:\/\/www.scielo.br\/scielo.php?script=sci_serial&amp;pid=1809-9823&amp;lng=pt&amp;nrm=isso<\/a><\/td>\n<\/tr>\n<tr>\n<td width=\"198\">\n<p style=\"text-align: center;\">Revista Brasileira de Medicina do Esporte<\/p>\n<\/td>\n<td width=\"85\">Scielo<\/td>\n<td width=\"369\"><a href=\"http:\/\/www.scielo.br\/scielo.php?script=sci_serial&amp;pid=1517-8692&amp;lng=pt&amp;nrm=isso\">http:\/\/www.scielo.br\/scielo.php?script=sci_serial&amp;pid=1517-8692&amp;lng=pt&amp;nrm=isso<\/a><\/td>\n<\/tr>\n<tr>\n<td width=\"198\">&nbsp;<\/p>\n<p style=\"text-align: center;\">Revista Brasileira de Nutri\u00e7\u00e3o Esportiva<\/p>\n<p>&nbsp;<\/td>\n<td width=\"85\">Portal CAPES<\/td>\n<td width=\"369\"><a href=\"http:\/\/www.rbne.com.br\/index.php\/rbne\">http:\/\/www.rbne.com.br\/index.php\/rbne<\/a><\/td>\n<\/tr>\n<tr>\n<td width=\"198\">&nbsp;<\/p>\n<p style=\"text-align: center;\">Revista Brasileira de Obesidade, nutri\u00e7\u00e3o e emagrecimento<\/p>\n<p>&nbsp;<\/td>\n<td width=\"85\">Portal CAPES<\/td>\n<td width=\"369\"><a href=\"http:\/\/www.rbone.com.br\/index.php\/rbone\">http:\/\/www.rbone.com.br\/index.php\/rbone<\/a><\/td>\n<\/tr>\n<tr>\n<td width=\"198\">&nbsp;<\/p>\n<p style=\"text-align: center;\">Revista Brasileira de Sa\u00fade Materno Infantil<\/p>\n<p>&nbsp;<\/td>\n<td width=\"85\">Scielo<\/td>\n<td width=\"369\"><a href=\"http:\/\/www.scielo.br\/scielo.php?script=sci_serial&amp;pid=1519-3829&amp;lng=pt&amp;nrm=isso\">http:\/\/www.scielo.br\/scielo.php?script=sci_serial&amp;pid=1519-3829&amp;lng=pt&amp;nrm=isso<\/a><\/td>\n<\/tr>\n<tr>\n<td style=\"text-align: center;\" width=\"198\">Revista Ceres<\/td>\n<td width=\"85\">Scielo<\/td>\n<td width=\"369\"><a href=\"http:\/\/www.scielo.br\/scielo.php?script=sci_serial&amp;pid=0034-737X&amp;nrm=isso&amp;rep=&amp;lng=pt\">http:\/\/www.scielo.br\/scielo.php?script=sci_serial&amp;pid=0034-737X&amp;nrm=isso&amp;rep=&amp;lng=pt<\/a><\/td>\n<\/tr>\n<tr>\n<td width=\"198\"><\/td>\n<td width=\"85\"><\/td>\n<td width=\"369\"><\/td>\n<\/tr>\n<tr>\n<td width=\"198\">&nbsp;<\/p>\n<p style=\"text-align: center;\">Revista de Nutri\u00e7\u00e3o<\/p>\n<p>&nbsp;<\/td>\n<td width=\"85\">Scielo<\/td>\n<td width=\"369\"><a href=\"http:\/\/www.scielo.br\/scielo.php?script=sci_serial&amp;pid=1415-5273&amp;lng=pt&amp;nrm=isso\">http:\/\/www.scielo.br\/scielo.php?script=sci_serial&amp;pid=1415-5273&amp;lng=pt&amp;nrm=isso<\/a><\/td>\n<\/tr>\n<tr>\n<td width=\"198\">&nbsp;<\/p>\n<p style=\"text-align: center;\">Revista de Sa\u00fade P\u00fablica<\/p>\n<p>&nbsp;<\/td>\n<td width=\"85\">Scielo<\/td>\n<td width=\"369\"><a href=\"http:\/\/www.scielo.br\/scielo.php?script=sci_serial&amp;pid=0034-8910&amp;lng=pt&amp;nrm=isso\">http:\/\/www.scielo.br\/scielo.php?script=sci_serial&amp;pid=0034-8910&amp;lng=pt&amp;nrm=isso<\/a><\/td>\n<\/tr>\n<tr>\n<td width=\"198\">&nbsp;<\/p>\n<p style=\"text-align: center;\">Sa\u00fade e Sociedade<\/p>\n<p>&nbsp;<\/td>\n<td width=\"85\">Scielo<\/td>\n<td width=\"369\"><a href=\"http:\/\/www.scielo.br\/scielo.php?script=sci_serial&amp;pid=0104-1290&amp;lng=pt&amp;nrm=isso\">http:\/\/www.scielo.br\/scielo.php?script=sci_serial&amp;pid=0104-1290&amp;lng=pt&amp;nrm=isso<\/a><\/td>\n<\/tr>\n<tr>\n<td width=\"198\">&nbsp;<\/p>\n<p style=\"text-align: center;\">Sa\u00fade em Debate<\/p>\n<p>&nbsp;<\/td>\n<td width=\"85\">Scielo<\/td>\n<td width=\"369\"><a href=\"http:\/\/www.scielo.br\/scielo.php?script=sci_serial&amp;pid=0103-1104&amp;lng=pt&amp;nrm=isso\">http:\/\/www.scielo.br\/scielo.php?script=sci_serial&amp;pid=0103-1104&amp;lng=pt&amp;nrm=isso<\/a><\/td>\n<\/tr>\n<tr>\n<td width=\"198\">&nbsp;<\/p>\n<p style=\"text-align: center;\">Science &amp; Sports<\/p>\n<p>&nbsp;<\/td>\n<td width=\"85\">Elsevier\/ CAPES<\/td>\n<td width=\"369\"><a href=\"https:\/\/www.journals.elsevier.com\/2cience-and-sports\">https:\/\/www.journals.elsevier.com\/2cience-and-sports<\/a><\/td>\n<\/tr>\n<tr>\n<td style=\"text-align: center;\" width=\"198\">Sports medicine<\/td>\n<td width=\"85\"><\/td>\n<td width=\"369\"><a href=\"https:\/\/link.springer.com\/journal\/volumesAndIssues\/40279\">https:\/\/link.springer.com\/journal\/volumesAndIssues\/40279<\/a><\/td>\n<\/tr>\n<tr>\n<td style=\"text-align: center;\" width=\"198\">Texto &amp; Contexto &#8211; Enfermagem<\/td>\n<td width=\"85\">Scielo<\/td>\n<td width=\"369\"><a href=\"http:\/\/www.scielo.br\/scielo.php?script=sci_serial&amp;pid=0104-0707&amp;lng=pt&amp;nrm=iso\">http:\/\/www.scielo.br\/scielo.php?script=sci_serial&amp;pid=0104-0707&amp;lng=pt&amp;nrm=iso<\/a><\/td>\n<\/tr>\n<\/tbody>\n<\/table>\n<p>&nbsp;<\/p>\n","protected":false},"excerpt":{"rendered":"<p>&nbsp; Archivos latino-americanos de nutrici\u00f3n Lilacs https:\/\/www.alanrevista.org\/ &nbsp; Cadernos Sa\u00fade Coletiva &nbsp; Scielo http:\/\/www.scielo.br\/scielo.php?script=sci_serial&amp;pid=1414-462X&amp;lng=pt&amp;nrm=isso &nbsp; Cadernos de Sa\u00fade P\u00fablica &nbsp; Scielo http:\/\/www.scielo.br\/scielo.php?script=sci_serial&amp;pid=0102-311X&amp;lng=pt&amp;nrm=isso Ci\u00eancia &amp; Sa\u00fade Coletiva &nbsp; Scielo http:\/\/www.scielo.br\/scielo.php?script=sci_serial&amp;pid=1413-8123&amp;lng=pt&amp;nrm=isso Demetra: alimenta\u00e7\u00e3o, nutri\u00e7\u00e3o e sa\u00fade &nbsp; https:\/\/www.e-publicacoes.uerj.br\/index.php\/demetra\/article\/view\/31306\/27246 &nbsp; Epidemiologia e Servi\u00e7os de Sa\u00fade &nbsp; Scielo http:\/\/www.scielo.br\/scielo.php?script=sci_serial&amp;pid=2237-9622&amp;lng=pt&amp;nrm=isso &nbsp; Food Science and Technology &nbsp; Scielo http:\/\/www.scielo.br\/scielo.php?script=sci_serial&amp;pid=0101-2061&amp;lng=isso&amp;nrm=isso &nbsp; Hist\u00f3ria, [&hellip;]<\/p>\n","protected":false},"author":7,"featured_media":0,"parent":0,"menu_order":0,"comment_status":"closed","ping_status":"closed","template":"","meta":{"footnotes":""},"class_list":["post-2575","page","type-page","status-publish","hentry"],"_links":{"self":[{"href":"https:\/\/bbt.crp.ufv.br\/index.php?rest_route=\/wp\/v2\/pages\/2575","targetHints":{"allow":["GET"]}}],"collection":[{"href":"https:\/\/bbt.crp.ufv.br\/index.php?rest_route=\/wp\/v2\/pages"}],"about":[{"href":"https:\/\/bbt.crp.ufv.br\/index.php?rest_route=\/wp\/v2\/types\/page"}],"author":[{"embeddable":true,"href":"https:\/\/bbt.crp.ufv.br\/index.php?rest_route=\/wp\/v2\/users\/7"}],"replies":[{"embeddable":true,"href":"https:\/\/bbt.crp.ufv.br\/index.php?rest_route=%2Fwp%2Fv2%2Fcomments&post=2575"}],"version-history":[{"count":7,"href":"https:\/\/bbt.crp.ufv.br\/index.php?rest_route=\/wp\/v2\/pages\/2575\/revisions"}],"predecessor-version":[{"id":2583,"href":"https:\/\/bbt.crp.ufv.br\/index.php?rest_route=\/wp\/v2\/pages\/2575\/revisions\/2583"}],"wp:attachment":[{"href":"https:\/\/bbt.crp.ufv.br\/index.php?rest_route=%2Fwp%2Fv2%2Fmedia&parent=2575"}],"curies":[{"name":"wp","href":"https:\/\/api.w.org\/{rel}","templated":true}]}}