{"id":2587,"date":"2019-10-21T14:04:36","date_gmt":"2019-10-21T17:04:36","guid":{"rendered":"https:\/\/bbt.crp.ufv.br\/?page_id=2587"},"modified":"2023-07-20T11:51:35","modified_gmt":"2023-07-20T14:51:35","slug":"2587-2","status":"publish","type":"page","link":"https:\/\/bbt.crp.ufv.br\/?page_id=2587","title":{"rendered":"Novas Aquisi\u00e7\u00f5es"},"content":{"rendered":"<ul>\n<li>Contabilidade e Gest\u00e3o de Custos.<\/li>\n<li>Direito Civil Brasileiro : Teoria geral das obriga\u00e7\u00f5es.<\/li>\n<li>Tratado de direito penal.<\/li>\n<li>Metodologia de pesquisa para Ci\u00eancia da Computa\u00e7\u00e3o.<\/li>\n<li>Geographic Information license and systems.<\/li>\n<li>Bioqu\u00edmica.<\/li>\n<li>Olda do plantio \u00e0 colheita.<\/li>\n<li>Milho do plantio \u00e0 colheita.<\/li>\n<li>Structure Determination of Organic Compainds.<\/li>\n<li>Girassol do Plantio \u00e0 colheita.<\/li>\n<li>Melhoramento de fruteiras tropicais.<\/li>\n<li>Figurar a sensa\u00e7\u00e3o.<\/li>\n<li>Nutri\u00e7\u00e3o Cl\u00ednica.<\/li>\n<li>Avalia\u00e7\u00e3o da Qualidade de Carnes.<\/li>\n<li>Estatuto da pessoa com defici\u00eancia comentado.<\/li>\n<li>A nova administra\u00e7\u00e3o p\u00fablica: profissionaliza\u00e7\u00e3o, eficiencia e governan\u00e7a.<\/li>\n<li>15 anos da UFV campus Rio Parana\u00edba.<\/li>\n<li>Curso de direito processual civil.<\/li>\n<li>Li\u00e7\u00f5es preliminares de direito.<\/li>\n<li>Direito previdenci\u00e1rio esquematizado.<\/li>\n<li>Planejamento f\u00edsico -funcional de unidades de alimenta\u00e7\u00e3o e nutri\u00e7\u00e3o.<\/li>\n<li>Diagn\u00f3stico hidroenerg\u00e9tico em sistemas de bombeamento.<\/li>\n<li>Metodologia da pesquisa jur\u00eddica.<\/li>\n<li>Forma\u00e7\u00e3o e treinamento de brigada de inc\u00eandio florestal.<\/li>\n<li>Manejo integrado da ferrugem asi\u00e1tica da soja.<\/li>\n<li>Manual de direito processual civil.<\/li>\n<li>Teoria geral do estado.<\/li>\n<li>Manual de direito administrativo<\/li>\n<li>Legisla\u00e7\u00e3o penal especial<\/li>\n<li>Cucurbits.<\/li>\n<li>Direito administrativo.<\/li>\n<li>Curso de direito do trabalho.<\/li>\n<\/ul>\n","protected":false},"excerpt":{"rendered":"<p>Contabilidade e Gest\u00e3o de Custos. Direito Civil Brasileiro : Teoria geral das obriga\u00e7\u00f5es. Tratado de direito penal. Metodologia de pesquisa para Ci\u00eancia da Computa\u00e7\u00e3o. Geographic Information license and systems. Bioqu\u00edmica. Olda do plantio \u00e0 colheita. Milho do plantio \u00e0 colheita. Structure Determination of Organic Compainds. Girassol do Plantio \u00e0 colheita. Melhoramento de fruteiras tropicais. Figurar [&hellip;]<\/p>\n","protected":false},"author":1,"featured_media":0,"parent":0,"menu_order":0,"comment_status":"closed","ping_status":"closed","template":"","meta":{"footnotes":""},"class_list":["post-2587","page","type-page","status-publish","hentry"],"_links":{"self":[{"href":"https:\/\/bbt.crp.ufv.br\/index.php?rest_route=\/wp\/v2\/pages\/2587","targetHints":{"allow":["GET"]}}],"collection":[{"href":"https:\/\/bbt.crp.ufv.br\/index.php?rest_route=\/wp\/v2\/pages"}],"about":[{"href":"https:\/\/bbt.crp.ufv.br\/index.php?rest_route=\/wp\/v2\/types\/page"}],"author":[{"embeddable":true,"href":"https:\/\/bbt.crp.ufv.br\/index.php?rest_route=\/wp\/v2\/users\/1"}],"replies":[{"embeddable":true,"href":"https:\/\/bbt.crp.ufv.br\/index.php?rest_route=%2Fwp%2Fv2%2Fcomments&post=2587"}],"version-history":[{"count":17,"href":"https:\/\/bbt.crp.ufv.br\/index.php?rest_route=\/wp\/v2\/pages\/2587\/revisions"}],"predecessor-version":[{"id":2730,"href":"https:\/\/bbt.crp.ufv.br\/index.php?rest_route=\/wp\/v2\/pages\/2587\/revisions\/2730"}],"wp:attachment":[{"href":"https:\/\/bbt.crp.ufv.br\/index.php?rest_route=%2Fwp%2Fv2%2Fmedia&parent=2587"}],"curies":[{"name":"wp","href":"https:\/\/api.w.org\/{rel}","templated":true}]}}