{"id":2708,"date":"2023-07-18T10:13:32","date_gmt":"2023-07-18T13:13:32","guid":{"rendered":"https:\/\/bbt.crp.ufv.br\/?page_id=2708"},"modified":"2023-07-21T11:33:45","modified_gmt":"2023-07-21T14:33:45","slug":"qualis-livro-2","status":"publish","type":"page","link":"https:\/\/bbt.crp.ufv.br\/?page_id=2708","title":{"rendered":"Conselho Editorial do Campus"},"content":{"rendered":"<p>O Conselho Editorial da UFV &#8211; Campus Rio Parana\u00edba \u00e9 um conselho t\u00e9cnico que visa promover qualidade \u00e0s obras publicadas e catalogadas sob a denomina\u00e7\u00e3o \u201cUniversidade Federal de Vi\u00e7osa \u2013 Campus Rio Parana\u00edba\u201d com men\u00e7\u00e3o ao \u201cconselho editorial\u201d. O conselho formaliza um processo objetivo e simples de avalia\u00e7\u00e3o por pares das obras liter\u00e1rias (t\u00e9cnicas ou art\u00edsticas) a serem catalogadas com aprova\u00e7\u00e3o de um conselho editorial. Dessa forma, o campus Rio Parana\u00edba passa a oferecer para sua comunidade de docentes e t\u00e9cnicos um servi\u00e7o complementar \u00e0s editoras comerciais tradicionais para atender suas demandas espec\u00edficas de publica\u00e7\u00e3o.<\/p>\n<p>Para maiores detalhes sobre as finalidades, a\u00e7\u00f5es previstas e funcionamento do conselho acesse o <a href=\"https:\/\/drive.google.com\/file\/d\/1lCKBTCl-sL6RlDJ6oI_5_wTj62veX-N3\/view?usp=drive_link\">regimento geral<\/a>.<\/p>\n<p>Os detalhes de tramita\u00e7\u00e3o das obras s\u00e3o especificados no Cap\u00edtulo III do regimento acima. Em caso de d\u00favidas, por favor entre em contato com o conselho pelo e-mail <a href=\"mailto:conselhoeditorialcrp@ufv.br\">conselhoeditorialcrp@ufv.br<\/a> .<\/p>\n<p>Para acessar o modelo \u201c.doc\u201d do anexo I do regimento geral click no link abaixo:<\/p>\n<p><a href=\"https:\/\/docs.google.com\/document\/d\/1j3ho9rjeJh1J3zzpBVg37PlVwH02IL3W\/edit?usp=drive_link&amp;ouid=108880831001973775683&amp;rtpof=true&amp;sd=true\">Relat\u00f3rio de Parecer de Avalia\u00e7\u00e3o de Obra<\/a><\/p>\n<p>O modelo de p\u00e1gina de cataloga\u00e7\u00e3o ser\u00e1 disponibilizado ap\u00f3s a aprova\u00e7\u00e3o da obra.<\/p>\n<p>Antes da diagrama\u00e7\u00e3o final de sua obra, <a href=\"https:\/\/dci.ufv.br\/identidade-visual\/\">acesse aqui<\/a> o manual de identidade visual da UFV.<\/p>\n<p>A submiss\u00e3o da obra ser\u00e1 realizada preferencialmente pelo e-mail do conselho (<a href=\"mailto:conselhoeditorialcrp@ufv.br\">conselhoeditorialcrp@ufv.br<\/a>) anexando-se os documentos listados no Cap\u00edtulo III do Regimento do Conselho.<\/p>\n","protected":false},"excerpt":{"rendered":"<p>O Conselho Editorial da UFV &#8211; Campus Rio Parana\u00edba \u00e9 um conselho t\u00e9cnico que visa promover qualidade \u00e0s obras publicadas e catalogadas sob a denomina\u00e7\u00e3o \u201cUniversidade Federal de Vi\u00e7osa \u2013 Campus Rio Parana\u00edba\u201d com men\u00e7\u00e3o ao \u201cconselho editorial\u201d. O conselho formaliza um processo objetivo e simples de avalia\u00e7\u00e3o por pares das obras liter\u00e1rias (t\u00e9cnicas ou [&hellip;]<\/p>\n","protected":false},"author":6,"featured_media":0,"parent":0,"menu_order":0,"comment_status":"closed","ping_status":"closed","template":"","meta":{"footnotes":""},"class_list":["post-2708","page","type-page","status-publish","hentry"],"_links":{"self":[{"href":"https:\/\/bbt.crp.ufv.br\/index.php?rest_route=\/wp\/v2\/pages\/2708","targetHints":{"allow":["GET"]}}],"collection":[{"href":"https:\/\/bbt.crp.ufv.br\/index.php?rest_route=\/wp\/v2\/pages"}],"about":[{"href":"https:\/\/bbt.crp.ufv.br\/index.php?rest_route=\/wp\/v2\/types\/page"}],"author":[{"embeddable":true,"href":"https:\/\/bbt.crp.ufv.br\/index.php?rest_route=\/wp\/v2\/users\/6"}],"replies":[{"embeddable":true,"href":"https:\/\/bbt.crp.ufv.br\/index.php?rest_route=%2Fwp%2Fv2%2Fcomments&post=2708"}],"version-history":[{"count":11,"href":"https:\/\/bbt.crp.ufv.br\/index.php?rest_route=\/wp\/v2\/pages\/2708\/revisions"}],"predecessor-version":[{"id":2722,"href":"https:\/\/bbt.crp.ufv.br\/index.php?rest_route=\/wp\/v2\/pages\/2708\/revisions\/2722"}],"wp:attachment":[{"href":"https:\/\/bbt.crp.ufv.br\/index.php?rest_route=%2Fwp%2Fv2%2Fmedia&parent=2708"}],"curies":[{"name":"wp","href":"https:\/\/api.w.org\/{rel}","templated":true}]}}